{"id":15,"date":"2019-08-11T11:59:56","date_gmt":"2019-08-11T11:59:56","guid":{"rendered":"http:\/\/petra-riedmann.de\/?page_id=15"},"modified":"2020-06-07T15:49:50","modified_gmt":"2020-06-07T15:49:50","slug":"__trashed","status":"publish","type":"page","link":"https:\/\/petra-riedmann.de\/?page_id=15","title":{"rendered":"Tanz"},"content":{"rendered":"\n<p class=\"has-text-color has-medium-font-size has-vivid-red-color\"><strong>E<\/strong><b>igene Lehrt\u00e4tigkeit \/ Unterricht<\/b><\/p>\n\n\n\n<p style=\"text-align:right\" class=\"has-small-font-size\"><strong>11\/2010-07\/2019&nbsp;&nbsp;<\/strong><\/p>\n\n\n\n<p class=\"has-small-font-size\">Lehrauftrag f\u00fcr \u201cTanztheater als Methode in der Sozialen Arbeit\u201d an der Katholischen Stiftungshochschule M\u00fcnchen (Fakult\u00e4t: Soziale Arbeit) <\/p>\n\n\n<p><!--EndFragment--><\/p>\n\n\n<p class=\"has-small-font-size\"><\/p>\n\n\n\n<p style=\"text-align:right\" class=\"has-small-font-size\"><strong>   3\/2013-07\/2015<\/strong><\/p>\n\n\n\n<p class=\"has-small-font-size\">Lehrauftrag f\u00fcr &#8222;Ein\u00fcbung in die K\u00f6rperwahrnehmung &#8211; Tanz und Bewegung&#8220; an der Hochschule f\u00fcr Angewandte Wissenschaften M\u00fcnchen (Fakult\u00e4t: Angewandte Sozialwissenschaften) <\/p>\n\n\n\n<p style=\"text-align:right\" class=\"has-small-font-size\"><strong>2009-2012&nbsp;&nbsp;<\/strong><\/p>\n\n\n\n<p class=\"has-small-font-size\">Kooperation mit CITA Centrum f\u00fcr Integrale Tanz- und Ausdruckstherapie, M\u00fcnchen &#8211; Workshops <\/p>\n\n\n\n<p style=\"text-align:right\" class=\"has-small-font-size\"><strong>09\/2007-05\/2008<\/strong><\/p>\n\n\n\n<p class=\"has-small-font-size\"> Kurse und Workshops im Atelierhaus der Glockenbachwerkstatt, M\u00fcnchen<\/p>\n\n\n\n<p style=\"text-align:right\" class=\"has-small-font-size\"><strong>11\/2006- 03\/2007<\/strong><\/p>\n\n\n\n<p style=\"text-align:left\" class=\"has-small-font-size\"> Tanztheaterkurse und Workshops in der Katholischen Hochschulgemeinde (KHG) M\u00fcnchen<\/p>\n\n\n\n<p style=\"text-align:right\" class=\"has-small-font-size\"><strong>11\/2002-03\/2005<\/strong><\/p>\n\n\n\n<p class=\"has-small-font-size\">Tanztheaterkurse und Workshops in der Katholischen Hochschulgemeinde (KHG) W\u00fcrzburg<\/p>\n\n\n\n<p class=\"has-text-color has-medium-font-size has-vivid-red-color\"><strong>Ausbildung<\/strong><\/p>\n\n\n\n<figure class=\"wp-block-image\"><img loading=\"lazy\" decoding=\"async\" width=\"1024\" height=\"768\" src=\"http:\/\/petra-riedmann.de\/wp-content\/uploads\/2019\/08\/140_4084-1-1024x768.jpg\" alt=\"\" class=\"wp-image-149\" srcset=\"https:\/\/petra-riedmann.de\/wp-content\/uploads\/2019\/08\/140_4084-1-1024x768.jpg 1024w, https:\/\/petra-riedmann.de\/wp-content\/uploads\/2019\/08\/140_4084-1-300x225.jpg 300w, https:\/\/petra-riedmann.de\/wp-content\/uploads\/2019\/08\/140_4084-1-768x576.jpg 768w\" sizes=\"(max-width: 767px) 89vw, (max-width: 1000px) 54vw, (max-width: 1071px) 543px, 580px\" \/><figcaption>Ausbildung Tanzp\u00e4dagogik off-Theater Neuss<\/figcaption><\/figure>\n\n\n\n<p style=\"text-align:right\" class=\"has-small-font-size\"><strong>2007-2012<\/strong><\/p>\n\n\n\n<p class=\"has-small-font-size\">Continuum Movement und K\u00f6rperarbeit bei Divo M\u00fcller, M\u00fcnchen<\/p>\n\n\n\n<p style=\"text-align:right\" class=\"has-small-font-size\"><strong>07\/2005-06\/2006<\/strong><\/p>\n\n\n\n<p class=\"has-small-font-size\">Fortbildung zur Tanzp\u00e4dagogin am off Theater NRW <\/p>\n\n\n\n<p style=\"text-align:right\" class=\"has-small-font-size\"><strong>1999-2005<\/strong><\/p>\n\n\n\n<p style=\"text-align:left\" class=\"has-small-font-size\">Mitglied einer Tanztheater-Projektgruppe des Salon 77, W\u00fcrzburg&nbsp;&nbsp;&nbsp;&nbsp;&nbsp;&nbsp;&nbsp;&nbsp;&nbsp;&nbsp;&nbsp;&nbsp;&nbsp;&nbsp;&nbsp;&nbsp;&nbsp;&nbsp;&nbsp;&nbsp;&nbsp;&nbsp;&nbsp;&nbsp;&nbsp;&nbsp;&nbsp;&nbsp;&nbsp;&nbsp;&nbsp;&nbsp;&nbsp;&nbsp;&nbsp;&nbsp;&nbsp; <\/p>\n\n\n\n<p style=\"text-align:right\" class=\"has-small-font-size\"><strong>1992- 2005<\/strong><\/p>\n\n\n\n<p class=\"has-small-font-size\">Ausbildung in modernem und zeitgen\u00f6ssischem Tanz (Lim\u00f3n-Technik) bei Lisa Kutter, Salon 77, W\u00fcrzburg<\/p>\n\n\n\n<p style=\"text-align:right\" class=\"has-small-font-size\"><strong>1993-2005<\/strong><\/p>\n\n\n\n<p class=\"has-small-font-size\"> Ausbildung in Klassischem Ballett, Ballettschule Klein-Langner und Petra Schreck, Salon 77, W\u00fcrzburg<\/p>\n\n\n\n<p class=\"has-text-color has-medium-font-size has-vivid-red-color\"><strong>K\u00fcnstlerische T\u00e4tigkeiten &amp; B\u00fchnenerfahrung<\/strong><\/p>\n\n\n\n<figure class=\"wp-block-image\"><img decoding=\"async\" src=\"http:\/\/petra-riedmann.de\/wp-content\/uploads\/2019\/08\/LABYR288-1024x641.jpg\" alt=\"Dieses Bild hat ein leeres Alt-Attribut. Der Dateiname ist LABYR288-1024x641.jpg\"\/><figcaption>Tanzthaterst\u00fcck Labyrinth, Orangerie der Residenz W\u00fcrzburg <\/figcaption><\/figure>\n\n\n\n<p><\/p>\n\n\n\n<p style=\"text-align:right\" class=\"has-small-font-size\"><strong>28. Juni  2008&nbsp;<\/strong><\/p>\n\n\n\n<p class=\"has-small-font-size\">Tanzperformance \u201cdance &amp; e-motion\u201d bei Glockenbach on Stage &#8211; Tanztheater im Rahmen der Kulturtage Ludwigsvorstadt &#8211; Isarvorstadt, M\u00fcnchen<\/p>\n\n\n\n<p style=\"text-align:right\" class=\"has-small-font-size\"><strong>24.10.2004<\/strong><\/p>\n\n\n\n<p class=\"has-small-font-size\">Tanzperformance zu \u201cDie Leichtigkeit des Seins\u201d beim Er\u00f6ffnungsgottesdienst der Studentengemeinden in W\u00fcrzburg<\/p>\n\n\n\n<p style=\"text-align:right\" class=\"has-small-font-size\"><strong>10\/2004<\/strong><\/p>\n\n\n\n<p class=\"has-small-font-size\">T\u00e4nzerisches Gestaltungselement f\u00fcr das Projekt \u201cNachtkirche\u201d der Evangelischen Studierendengemeinde (ESG) W\u00fcrzburg<\/p>\n\n\n\n<p style=\"text-align:right\" class=\"has-small-font-size\"><strong>07\/2004<\/strong><\/p>\n\n\n\n<p class=\"has-small-font-size\">Mitwirkung im Tanztheaterst\u00fcck \u201cLabyrinth\u201d in der Orangerie der Residenz W\u00fcrzburg<\/p>\n\n\n\n<p style=\"text-align:right\" class=\"has-small-font-size\"><strong>10.10.2003<\/strong><\/p>\n\n\n\n<p class=\"has-small-font-size\">Tanzperformance f\u00fcr die Ausstellungser\u00f6ffnung von \u201cTOLERANZ\u201d in der Stephanskirche W\u00fcrzburg<\/p>\n\n\n\n<p style=\"text-align:right\" class=\"has-small-font-size\"><strong>04\/2003 <\/strong><\/p>\n\n\n\n<p class=\"has-small-font-size\">Mitwirkung im Tanztheaterst\u00fcck \u201chauteng &#8211; hautweit\u201d im Theater Ensemble W\u00fcrzburg<\/p>\n\n\n\n<p style=\"text-align:right\" class=\"has-small-font-size\"><strong>10\/1998-06\/1999<\/strong><\/p>\n\n\n\n<p class=\"has-small-font-size\">Mitwirkung im Theaterst\u00fcck \u201cWie man W\u00fcnsche beim Schwanz packt\u201d von Pablo Picasso der Werkstattb\u00fchne W\u00fcrzburg e. V. <\/p>\n\n\n\n<div class=\"wp-block-image\"><figure class=\"aligncenter\"><img loading=\"lazy\" decoding=\"async\" width=\"203\" height=\"300\" src=\"http:\/\/petra-riedmann.de\/wp-content\/uploads\/2020\/06\/image-203x300.png\" alt=\"\" class=\"wp-image-214\"\/><\/figure><\/div>\n\n\n\n<p><\/p>\n\n\n\n<p style=\"text-align:right\" class=\"has-small-font-size\"><strong>11\/2000-03\/2001<\/strong><\/p>\n\n\n\n<p class=\"has-small-font-size\">Regiehospitanz im Bereich Musiktheater am Mainfrankentheater W\u00fcrzburg<\/p>\n\n\n\n<p style=\"text-align:right\" class=\"has-small-font-size\"><strong>21.06.2001<\/strong><\/p>\n\n\n\n<p class=\"has-small-font-size\">Inszenierung der Kammeroper \u201cDas verr\u00e4terische Herz\u201d nach Edgar Allan Poe an der Musikhochschule W\u00fcrzburg<\/p>\n\n\n\n<p class=\"has-text-color has-medium-font-size has-vivid-red-color\"><strong>Fortbildungen &amp; Workshops<\/strong><\/p>\n\n\n\n<figure class=\"wp-block-image\"><img loading=\"lazy\" decoding=\"async\" width=\"1024\" height=\"683\" src=\"http:\/\/petra-riedmann.de\/wp-content\/uploads\/2019\/08\/MG_1171-1024x683.jpg\" alt=\"\" class=\"wp-image-150\" srcset=\"https:\/\/petra-riedmann.de\/wp-content\/uploads\/2019\/08\/MG_1171-1024x683.jpg 1024w, https:\/\/petra-riedmann.de\/wp-content\/uploads\/2019\/08\/MG_1171-300x200.jpg 300w, https:\/\/petra-riedmann.de\/wp-content\/uploads\/2019\/08\/MG_1171-768x512.jpg 768w\" sizes=\"(max-width: 767px) 89vw, (max-width: 1000px) 54vw, (max-width: 1071px) 543px, 580px\" \/><\/figure>\n\n\n\n<p style=\"text-align:right\" class=\"has-small-font-size\"><strong>03\/2010<\/strong><\/p>\n\n\n\n<p class=\"has-small-font-size\">Butoh-Tanz, Stefan Maria Marb, Institut f\u00fcr Jugendarbeit Gauting<\/p>\n\n\n\n<p style=\"text-align:right\" class=\"has-small-font-size\"><strong>03\/2009<\/strong><\/p>\n\n\n\n<p style=\"text-align:left\" class=\"has-small-font-size\">K\u00f6rperarbeit &amp; Tanz, Veronika Fischer, Tanztendenz M\u00fcnchen<\/p>\n\n\n\n<p style=\"text-align:right\" class=\"has-small-font-size\"><strong>07\/ 2008<\/strong><\/p>\n\n\n\n<p class=\"has-small-font-size\">Grundlagentraining Basics in K\u00f6rpertherapie und Continuum Movement &#8211; Somatics Academy M\u00fcnchen<\/p>\n\n\n\n<p style=\"text-align:right\" class=\"has-small-font-size\"><strong>08\/2008<\/strong><\/p>\n\n\n\n<p class=\"has-small-font-size\">Tanzwerkstatt Europa &#8211; Jennifer Bury USA, The Sensing Body: Increasing Responsiveness an Balance (Tanz- und Rehabilitationstechniken &#8211; Pilates &amp; Feldenkrais, Alexandertechnik, Laban)<\/p>\n\n\n\n<p style=\"text-align:right\" class=\"has-small-font-size\"><strong>08\/2007<\/strong><\/p>\n\n\n\n<p class=\"has-small-font-size\">Sensing Movement &#8211; Workshop f\u00fcr P\u00e4dagogen mit Jennifer Bury<\/p>\n\n\n\n<p style=\"text-align:right\" class=\"has-small-font-size\"><strong>12\/2006<\/strong><\/p>\n\n\n\n<p style=\"text-align:left\" class=\"has-small-font-size\"> \u201cWild und weiblich\u201d bei Divo G. M\u00fcller &#8211; K\u00f6rpertherapeutisches Bewegungstraining und Atemtherapie<\/p>\n\n\n\n<p style=\"text-align:right\" class=\"has-small-font-size\"><strong>03-05\/2005 <\/strong><\/p>\n\n\n\n<p class=\"has-small-font-size\">Pilates K\u00f6rpertraining (Susan Cartt-Weiss)<\/p>\n\n\n\n<p style=\"text-align:right\" class=\"has-small-font-size\"><strong>08\/2005<\/strong><\/p>\n\n\n\n<p style=\"text-align:left\" class=\"has-small-font-size\">Contemporary Dance mit Sabine Ha\u00df, Tanzwerkstatt Europa<\/p>\n\n\n\n<p style=\"text-align:right\" class=\"has-small-font-size\"><strong>10\/2004<\/strong><\/p>\n\n\n\n<p style=\"text-align:left\" class=\"has-small-font-size\">Anatomie of Creation &#8211; Wie aus Ideen T\u00e4nze werden &#8211; Performance-Projekt mit Gitta Barthel, Salon 77 W\u00fcrzburg<\/p>\n\n\n\n<p style=\"text-align:right\" class=\"has-small-font-size\"><strong>19\/2004<\/strong><\/p>\n\n\n\n<p style=\"text-align:left\" class=\"has-small-font-size\">Hip Hop Workshop mit Josan T. Battle, Salon 77 W\u00fcrzburg<\/p>\n\n\n\n<p style=\"text-align:right\" class=\"has-small-font-size\"><strong>10\/2003-03\/2004<\/strong><\/p>\n\n\n\n<p style=\"text-align:left\" class=\"has-small-font-size\">Forschungszyklus Tanz &#8211; Wie aus Ideen T\u00e4nze werden &#8211; Fortbildung am Tanzwerk Bremen mit Gitta Barthel, Matthias Fr\u00fch und Martina Kunstwald<\/p>\n\n\n\n<p style=\"text-align:right\" class=\"has-small-font-size\"><strong>08\/2003<\/strong><\/p>\n\n\n\n<p class=\"has-small-font-size\">Sommer-Intensiv-Kurs &#8211; Klass. Ballett, Modern Dance, Jazztanz, Tanzmedizin, Tanzp\u00e4dagogik, Iwanson-Schule M\u00fcnchen <\/p>\n\n\n\n<p style=\"text-align:right\" class=\"has-small-font-size\"><strong>05\/2003<\/strong><\/p>\n\n\n\n<p class=\"has-small-font-size\">Anatomie of Creation, Workshop mit Gitta Barthel, Salon 77 W\u00fcrzburg<\/p>\n\n\n\n<p style=\"text-align:right\" class=\"has-small-font-size\"><strong>01\/2003<\/strong><\/p>\n\n\n\n<p class=\"has-small-font-size\">Tanztheater, Workshop mit Editta Braun, Salon 77 W\u00fcrzburg<\/p>\n\n\n\n<p style=\"text-align:right\" class=\"has-small-font-size\"><strong>07\/2002<\/strong><\/p>\n\n\n\n<p class=\"has-small-font-size\">Zeitgen\u00f6ssischer Tanz, Workshop mit Katja Wachter, Salon 77 W\u00fcrzburg<\/p>\n\n\n\n<p style=\"text-align:right\" class=\"has-small-font-size\"><strong>12\/2001<\/strong><\/p>\n\n\n\n<p class=\"has-small-font-size\">Tanzworkshop mit Ami Garmon, Tuchfabrik Trier<\/p>\n\n\n\n<p style=\"text-align:right\" class=\"has-small-font-size\"><strong>04\/2001<\/strong><\/p>\n\n\n\n<p style=\"text-align:left\" class=\"has-small-font-size\">New Dance und kreativer Prozess, Workshop mit Keriac, Salon 77 W\u00fcrzburg<\/p>\n\n\n\n<p style=\"text-align:right\" class=\"has-small-font-size\"><strong>11\/1997<\/strong><\/p>\n\n\n\n<p style=\"text-align:left\" class=\"has-small-font-size\">Living the Unexpected, Tanzworkshop mit Richard Lee, Salon 77 W\u00fcrzburg<\/p>\n","protected":false},"excerpt":{"rendered":"<p>Eigene Lehrt\u00e4tigkeit \/ Unterricht 11\/2010-07\/2019&nbsp;&nbsp; Lehrauftrag f\u00fcr \u201cTanztheater als Methode in der Sozialen Arbeit\u201d an der Katholischen Stiftungshochschule M\u00fcnchen (Fakult\u00e4t: Soziale Arbeit) 3\/2013-07\/2015 Lehrauftrag f\u00fcr &#8222;Ein\u00fcbung in die K\u00f6rperwahrnehmung &#8211; Tanz und Bewegung&#8220; an der Hochschule f\u00fcr Angewandte Wissenschaften M\u00fcnchen (Fakult\u00e4t: Angewandte Sozialwissenschaften) 2009-2012&nbsp;&nbsp; Kooperation mit CITA Centrum f\u00fcr Integrale Tanz- und Ausdruckstherapie, M\u00fcnchen &#8211; &hellip; <\/p>\n<p class=\"link-more\"><a href=\"https:\/\/petra-riedmann.de\/?page_id=15\" class=\"more-link\"><span class=\"screen-reader-text\">\u201eTanz\u201c<\/span> weiterlesen<\/a><\/p>\n","protected":false},"author":1,"featured_media":28,"parent":0,"menu_order":0,"comment_status":"closed","ping_status":"closed","template":"","meta":{"footnotes":""},"class_list":["post-15","page","type-page","status-publish","has-post-thumbnail","hentry"],"_links":{"self":[{"href":"https:\/\/petra-riedmann.de\/index.php?rest_route=\/wp\/v2\/pages\/15"}],"collection":[{"href":"https:\/\/petra-riedmann.de\/index.php?rest_route=\/wp\/v2\/pages"}],"about":[{"href":"https:\/\/petra-riedmann.de\/index.php?rest_route=\/wp\/v2\/types\/page"}],"author":[{"embeddable":true,"href":"https:\/\/petra-riedmann.de\/index.php?rest_route=\/wp\/v2\/users\/1"}],"replies":[{"embeddable":true,"href":"https:\/\/petra-riedmann.de\/index.php?rest_route=%2Fwp%2Fv2%2Fcomments&post=15"}],"version-history":[{"count":50,"href":"https:\/\/petra-riedmann.de\/index.php?rest_route=\/wp\/v2\/pages\/15\/revisions"}],"predecessor-version":[{"id":216,"href":"https:\/\/petra-riedmann.de\/index.php?rest_route=\/wp\/v2\/pages\/15\/revisions\/216"}],"wp:featuredmedia":[{"embeddable":true,"href":"https:\/\/petra-riedmann.de\/index.php?rest_route=\/wp\/v2\/media\/28"}],"wp:attachment":[{"href":"https:\/\/petra-riedmann.de\/index.php?rest_route=%2Fwp%2Fv2%2Fmedia&parent=15"}],"curies":[{"name":"wp","href":"https:\/\/api.w.org\/{rel}","templated":true}]}}