{"id":18,"date":"2019-08-15T19:56:51","date_gmt":"2019-08-15T19:56:51","guid":{"rendered":"http:\/\/petra-riedmann.de\/?page_id=18"},"modified":"2024-11-28T16:59:40","modified_gmt":"2024-11-28T16:59:40","slug":"beratung","status":"publish","type":"page","link":"https:\/\/petra-riedmann.de\/?page_id=18","title":{"rendered":"Beratung"},"content":{"rendered":"\n<h4 class=\"wp-block-heading\">Berufliche Coachings f\u00fcr Einzelpersonen<\/h4>\n\n\n\n<p class=\"has-medium-font-size\">Wie kann ich herausfinden, welcher Beruf wirklich zu mir passt? Warum komme ich beruflich nicht weiter? Was war oder ist mein Lebenstraum? Wer bin ich und was macht mich aus? In diesem Coaching analysieren wir zun\u00e4chst die aktuelle Situation und kl\u00e4ren m\u00f6gliche Blockaden, die verhindern, sich beruflich weiterzuentwickeln. Anhand von einem Erfolgstagebuch und praktischen Schritten wird eine Ver\u00e4nderung und Verbesserung der aktuellen Situation angestrebt. <\/p>\n\n\n\n<h4 class=\"wp-block-heading\">Konflikte in Kursen erkennen und l\u00f6sen \u2013 Fortbildung f\u00fcr Trainer\/innen <\/h4>\n\n\n\n<p class=\"has-medium-font-size\"> Wie kann ein Umgang mit schwierigen Situationen und \/ oder Kursteilnehmern gelingen?  Anhand verschiedener Typologien von Kursteilnehmern und praktischen Beispielen aus dem Alltag wird im Seminar gezielt  und auf den Einzelfall abgestimmt, versucht, L\u00f6sungen f\u00fcr problematische Situationen zu finden.<\/p>\n\n\n\n<h4 class=\"wp-block-heading\">Selbstpr\u00e4sentation und Kommunikation <\/h4>\n\n\n\n<p class=\"has-medium-font-size\">Im Seminar wird zun\u00e4chst ein \u00dcberblick zu den Grundlagen der Pr\u00e4sentation gegeben, wie die Sicherheit beim Auftreten, die Informationsbereitschaft zu anderen Menschen und das Engagement in der K\u00f6rpersprache und Gestik. Erg\u00e4nzt wird die theoretische Einf\u00fchrung durch praktische \u00dcbungen und Rollenspiele wie die perfekte Darbietung in einem Vorstellungsgespr\u00e4ch, bei wichtigen Terminen  und Meetings und Pr\u00e4sentationen.<\/p>\n\n\n\n<p class=\"has-small-font-size\"><\/p>\n\n\n\n<p class=\"has-vivid-cyan-blue-color has-text-color has-small-font-size\"><\/p>\n\n\n\n<p class=\"has-small-font-size\"><\/p>\n\n\n\n<p class=\"has-small-font-size\"><\/p>\n\n\n\n<p><\/p>\n","protected":false},"excerpt":{"rendered":"<p>Berufliche Coachings f\u00fcr Einzelpersonen Wie kann ich herausfinden, welcher Beruf wirklich zu mir passt? Warum komme ich beruflich nicht weiter? Was war oder ist mein Lebenstraum? Wer bin ich und was macht mich aus? In diesem Coaching analysieren wir zun\u00e4chst die aktuelle Situation und kl\u00e4ren m\u00f6gliche Blockaden, die verhindern, sich beruflich weiterzuentwickeln. Anhand von einem &hellip; <\/p>\n<p class=\"link-more\"><a href=\"https:\/\/petra-riedmann.de\/?page_id=18\" class=\"more-link\"><span class=\"screen-reader-text\">\u201eBeratung\u201c<\/span> weiterlesen<\/a><\/p>\n","protected":false},"author":1,"featured_media":68,"parent":0,"menu_order":0,"comment_status":"closed","ping_status":"closed","template":"","meta":{"footnotes":""},"class_list":["post-18","page","type-page","status-publish","has-post-thumbnail","hentry"],"_links":{"self":[{"href":"https:\/\/petra-riedmann.de\/index.php?rest_route=\/wp\/v2\/pages\/18"}],"collection":[{"href":"https:\/\/petra-riedmann.de\/index.php?rest_route=\/wp\/v2\/pages"}],"about":[{"href":"https:\/\/petra-riedmann.de\/index.php?rest_route=\/wp\/v2\/types\/page"}],"author":[{"embeddable":true,"href":"https:\/\/petra-riedmann.de\/index.php?rest_route=\/wp\/v2\/users\/1"}],"replies":[{"embeddable":true,"href":"https:\/\/petra-riedmann.de\/index.php?rest_route=%2Fwp%2Fv2%2Fcomments&post=18"}],"version-history":[{"count":10,"href":"https:\/\/petra-riedmann.de\/index.php?rest_route=\/wp\/v2\/pages\/18\/revisions"}],"predecessor-version":[{"id":302,"href":"https:\/\/petra-riedmann.de\/index.php?rest_route=\/wp\/v2\/pages\/18\/revisions\/302"}],"wp:featuredmedia":[{"embeddable":true,"href":"https:\/\/petra-riedmann.de\/index.php?rest_route=\/wp\/v2\/media\/68"}],"wp:attachment":[{"href":"https:\/\/petra-riedmann.de\/index.php?rest_route=%2Fwp%2Fv2%2Fmedia&parent=18"}],"curies":[{"name":"wp","href":"https:\/\/api.w.org\/{rel}","templated":true}]}}