{"id":192,"date":"2019-12-19T14:41:22","date_gmt":"2019-12-19T14:41:22","guid":{"rendered":"http:\/\/petra-riedmann.de\/?page_id=192"},"modified":"2024-11-28T16:58:47","modified_gmt":"2024-11-28T16:58:47","slug":"german-as-a-foreign-language-business-german","status":"publish","type":"page","link":"https:\/\/petra-riedmann.de\/?page_id=192","title":{"rendered":"German as a foreign Language &#8211; Business German"},"content":{"rendered":"\n<h4 class=\"wp-block-heading\">Tailor-made solutions for:<\/h4>\n\n\n\n<p>Foreign employees\nworking for German companies who require a high level of linguistic competence<\/p>\n\n\n\n<h4 class=\"wp-block-heading\">Focussing on: <\/h4>\n\n\n\n<ul class=\"wp-block-list\">\n<li>Communication in the office<\/li>\n\n\n\n<li>Business correspondence<\/li>\n\n\n\n<li>Personnel management<\/li>\n\n\n\n<li>Phone calls<\/li>\n\n\n\n<li>German for technicians and engineers<\/li>\n\n\n\n<li>Business German<\/li>\n<\/ul>\n\n\n\n<p>Individual programs to suit your specific requirements<\/p>\n\n\n\n<h4 class=\"wp-block-heading\">My Profile:<\/h4>\n\n\n\n<ul class=\"wp-block-list\">\n<li>Qualified Business Administrator<\/li>\n<\/ul>\n\n\n\n<ul class=\"wp-block-list\">\n<li>Qualified social pedagogue focusing on  adult education and social management <\/li>\n<\/ul>\n\n\n\n<ul class=\"wp-block-list\">\n<li>19 years of experience as a trainer of  German as a foreign language<\/li>\n<\/ul>\n\n\n\n<figure class=\"wp-block-image\"><img loading=\"lazy\" decoding=\"async\" width=\"1024\" height=\"683\" src=\"http:\/\/petra-riedmann.de\/wp-content\/uploads\/2020\/09\/IMG_2339_4622-1-1024x683.jpg\" alt=\"\" class=\"wp-image-223\" srcset=\"https:\/\/petra-riedmann.de\/wp-content\/uploads\/2020\/09\/IMG_2339_4622-1-1024x683.jpg 1024w, https:\/\/petra-riedmann.de\/wp-content\/uploads\/2020\/09\/IMG_2339_4622-1-300x200.jpg 300w, https:\/\/petra-riedmann.de\/wp-content\/uploads\/2020\/09\/IMG_2339_4622-1-768x512.jpg 768w\" sizes=\"(max-width: 767px) 89vw, (max-width: 1000px) 54vw, (max-width: 1071px) 543px, 580px\" \/><\/figure>\n\n\n\n<h4 class=\"wp-block-heading\">Recommended by:<\/h4>\n\n\n\n<p>BMW-Group M\u00fcnchen, Siemens AG M\u00fcnchen, Robert Bosch GmbH, BSH Hausger\u00e4te GmbH, Cariad SE, Thales Deutschland GmbH, PentaSoft AG Unterf\u00f6hring, Bankhaus August Lenz M\u00fcnchen, inlingua Sprachschulen M\u00fcnchen, O.I.S.E. Sprachtraining GmbH Heidelberg, Berufliche Fortbildungszentren der Bayerischen Wirtschaft and Bildungswerk der Bayerischen Wirtschaft<\/p>\n\n\n\n<h4 class=\"wp-block-heading\">My further qualifications:<\/h4>\n\n\n\n<p>Successful communication &#8211; client management and dialogue; communication\ncompetence and presentainment; rhetoric compact <\/p>\n\n\n\n<p><strong>Languages:<\/strong> German (native speaker), English, Italian, Basic Spanish and Basic French<\/p>\n\n\n\n<p><strong>Features:<\/strong> Clear layouts; the ability to listen, motivate and inspire; making language come alive; building bridges between theory and practice<\/p>\n\n\n\n<ul class=\"wp-block-list\">\n<li><strong>Fees:<\/strong><\/li>\n<\/ul>\n\n\n\n<p>Training\nUnit (TU) = 45 Minutes<\/p>\n\n\n\n<p class=\"has-vivid-cyan-blue-color has-text-color has-medium-font-size\"><strong>For Private students:<\/strong><\/p>\n\n\n\n<p class=\"has-text-align-left\">Individual training:  40 \u20ac per TU<\/p>\n\n\n\n<p>Duo training: 20 \u20ac per TU (for each person)<\/p>\n\n\n\n<p>Group training: 15 Euro per TU (for each person)<\/p>\n\n\n\n<p class=\"has-vivid-cyan-blue-color has-text-color has-medium-font-size\"><strong>For Companies: <\/strong><\/p>\n\n\n\n<p>Individual training: 50 \u20ac per TU<\/p>\n\n\n\n<p>Duo training: 25 \u20ac per TU (for each person)<\/p>\n\n\n\n<p>Group training: 12,50 Euro per TU (for each person)<\/p>\n","protected":false},"excerpt":{"rendered":"<p>Tailor-made solutions for: Foreign employees working for German companies who require a high level of linguistic competence Focussing on: Individual programs to suit your specific requirements My Profile: Recommended by: BMW-Group M\u00fcnchen, Siemens AG M\u00fcnchen, Robert Bosch GmbH, BSH Hausger\u00e4te GmbH, Cariad SE, Thales Deutschland GmbH, PentaSoft AG Unterf\u00f6hring, Bankhaus August Lenz M\u00fcnchen, inlingua Sprachschulen &hellip; <\/p>\n<p class=\"link-more\"><a href=\"https:\/\/petra-riedmann.de\/?page_id=192\" class=\"more-link\"><span class=\"screen-reader-text\">\u201eGerman as a foreign Language &#8211; Business German\u201c<\/span> weiterlesen<\/a><\/p>\n","protected":false},"author":1,"featured_media":0,"parent":0,"menu_order":0,"comment_status":"closed","ping_status":"closed","template":"","meta":{"footnotes":""},"class_list":["post-192","page","type-page","status-publish","hentry"],"_links":{"self":[{"href":"https:\/\/petra-riedmann.de\/index.php?rest_route=\/wp\/v2\/pages\/192"}],"collection":[{"href":"https:\/\/petra-riedmann.de\/index.php?rest_route=\/wp\/v2\/pages"}],"about":[{"href":"https:\/\/petra-riedmann.de\/index.php?rest_route=\/wp\/v2\/types\/page"}],"author":[{"embeddable":true,"href":"https:\/\/petra-riedmann.de\/index.php?rest_route=\/wp\/v2\/users\/1"}],"replies":[{"embeddable":true,"href":"https:\/\/petra-riedmann.de\/index.php?rest_route=%2Fwp%2Fv2%2Fcomments&post=192"}],"version-history":[{"count":12,"href":"https:\/\/petra-riedmann.de\/index.php?rest_route=\/wp\/v2\/pages\/192\/revisions"}],"predecessor-version":[{"id":301,"href":"https:\/\/petra-riedmann.de\/index.php?rest_route=\/wp\/v2\/pages\/192\/revisions\/301"}],"wp:attachment":[{"href":"https:\/\/petra-riedmann.de\/index.php?rest_route=%2Fwp%2Fv2%2Fmedia&parent=192"}],"curies":[{"name":"wp","href":"https:\/\/api.w.org\/{rel}","templated":true}]}}