{"id":2,"date":"2016-05-10T03:48:21","date_gmt":"2016-05-10T03:48:21","guid":{"rendered":"http:\/\/petra-riedmann.de\/?page_id=2"},"modified":"2024-11-28T16:55:47","modified_gmt":"2024-11-28T16:55:47","slug":"sample-page","status":"publish","type":"page","link":"https:\/\/petra-riedmann.de\/?page_id=2","title":{"rendered":"Deutsch als Fremdsprache &#8211; Businesssprache Deutsch"},"content":{"rendered":"\n<h4 class=\"wp-block-heading\"><strong>Mein Angebot richtet sich an:<\/strong><\/h4>\n\n\n\n<p class=\"has-medium-font-size\">Ausl\u00e4ndische Mitarbeiter von\nFirmen, die sich fit f\u00fcr den deutschen Arbeitsalltag machen m\u00f6chten.<\/p>\n\n\n\n<h4 class=\"wp-block-heading\"><strong>Schwerpunkte:<\/strong> <\/h4>\n\n\n\n<figure class=\"wp-block-image\"><img loading=\"lazy\" decoding=\"async\" width=\"1024\" height=\"683\" src=\"http:\/\/petra-riedmann.de\/wp-content\/uploads\/2019\/08\/MG_2356_4639-1024x683.jpg\" alt=\"\" class=\"wp-image-67\" srcset=\"https:\/\/petra-riedmann.de\/wp-content\/uploads\/2019\/08\/MG_2356_4639-1024x683.jpg 1024w, https:\/\/petra-riedmann.de\/wp-content\/uploads\/2019\/08\/MG_2356_4639-300x200.jpg 300w, https:\/\/petra-riedmann.de\/wp-content\/uploads\/2019\/08\/MG_2356_4639-768x512.jpg 768w\" sizes=\"(max-width: 767px) 89vw, (max-width: 1000px) 54vw, (max-width: 1071px) 543px, 580px\" \/><\/figure>\n\n\n\n<p class=\"has-medium-font-size\">B\u00fcrokommunikation, Gesch\u00e4ftskorrespondenz (E-Mails schreiben), Telefon- und Gespr\u00e4chstraining, Pr\u00e4sentationen halten, Verhandlungen f\u00fchren, Technisches Deutsch, Wirtschaftsdeutsch                                                                                        <\/p>\n\n\n\n<p class=\"has-medium-font-size\">Auf Wunsch stelle ich Ihnen gerne ein individuelles Trainingsprogramm zusammen.<\/p>\n\n\n\n<h4 class=\"wp-block-heading\">Mein Qualifikationsprofil:<\/h4>\n\n\n\n<ul class=\"wp-block-list\">\n<li>Ausbildung zur Verwaltungsfachangestellten und Diplom- Sozialp\u00e4dagogin mit dem Schwerpunkt Erwachsenenbildung<\/li>\n<\/ul>\n\n\n\n<div class=\"wp-block-group\"><div class=\"wp-block-group__inner-container is-layout-grid wp-container-core-group-is-layout-5 wp-block-group-is-layout-grid\">\n<p class=\"has-medium-font-size\">Trainings f\u00fcr <\/p>\n\n\n\n<div class=\"wp-block-group wp-container-content-1\"><div class=\"wp-block-group__inner-container is-layout-grid wp-container-core-group-is-layout-4 wp-block-group-is-layout-grid\">\n<div class=\"wp-block-group\"><div class=\"wp-block-group__inner-container is-layout-grid wp-container-core-group-is-layout-3 wp-block-group-is-layout-grid\">\n<div class=\"wp-block-group\"><div class=\"wp-block-group__inner-container is-layout-constrained wp-block-group-is-layout-constrained\">\n<div class=\"wp-block-group is-nowrap is-layout-flex wp-container-core-group-is-layout-1 wp-block-group-is-layout-flex\">\n<ul class=\"wp-block-list\">\n<li class=\"has-small-font-size\">BMW-Group M\u00fcnchen<\/li>\n\n\n\n<li class=\"has-small-font-size\">Siemens AG M\u00fcnchen<\/li>\n\n\n\n<li class=\"has-small-font-size\">Robert Bosch GmbH<\/li>\n\n\n\n<li class=\"has-small-font-size\">Cariad SE<\/li>\n\n\n\n<li class=\"has-small-font-size\">Thales Deutschland GmbH <\/li>\n\n\n\n<li class=\"has-small-font-size\">BSH Hausger\u00e4te GmbH <\/li>\n<\/ul>\n<\/div>\n\n\n\n<ul class=\"wp-block-list\">\n<li class=\"has-small-font-size\">PentaSoft AG Unterf\u00f6hring,<\/li>\n\n\n\n<li class=\"has-small-font-size\">Bankhaus August Lenz M\u00fcnchen<\/li>\n\n\n\n<li class=\"has-small-font-size\">inlingua Sprachschulen M\u00fcnchen<\/li>\n\n\n\n<li class=\"has-small-font-size\">O.I.S.E. Sprachtraining GmbH Heidelberg<\/li>\n\n\n\n<li class=\"has-small-font-size\">Berufliche Fortbildungszentren der Bayerischen Wirtschaft und Bildungswerk der Bayerischen Wirtschaft<\/li>\n<\/ul>\n<\/div><\/div>\n<\/div><\/div>\n<\/div><\/div>\n<\/div><\/div>\n\n\n\n<p class=\"has-medium-font-size\">19-j\u00e4hrige Berufserfahrung im Bereich Deutsch als Fremdsprache<\/p>\n\n\n\n<p class=\"has-medium-font-size\">Fort- und Weiterbildung: Erfolgreich kommunizieren \u2013 Kundenmanagement und Gespr\u00e4chsf\u00fchrung, Kommunikative Kompetenz und Pr\u00e4sentainment, Rhetorik Kompakt<\/p>\n\n\n\n<p class=\"has-medium-font-size\">Fremdsprachen: Englisch, Italienisch, Spanisch und Franz\u00f6sisch Grundkenntnisse <\/p>\n\n\n\n<p class=\"has-medium-font-size\">Meine St\u00e4rken sehe ich vor allem in meinem Organisationstalent, meiner F\u00e4higkeit Menschen zuzuh\u00f6ren, zu motivieren und zu begeistern und theoretische Inhalte sehr lebendig und anschaulich vermitteln zu k\u00f6nnen.<br><\/p>\n\n\n\n<p class=\"has-large-font-size\"><\/p>\n\n\n\n<div class=\"wp-block-media-text alignwide\" style=\"grid-template-columns:37% auto\"><figure class=\"wp-block-media-text__media\"><img loading=\"lazy\" decoding=\"async\" width=\"432\" height=\"605\" src=\"https:\/\/petra-riedmann.de\/wp-content\/uploads\/2024\/05\/Bewerbungsfotos.jpg\" alt=\"\" class=\"wp-image-271 size-full\" srcset=\"https:\/\/petra-riedmann.de\/wp-content\/uploads\/2024\/05\/Bewerbungsfotos.jpg 432w, https:\/\/petra-riedmann.de\/wp-content\/uploads\/2024\/05\/Bewerbungsfotos-214x300.jpg 214w\" sizes=\"(max-width: 432px) 100vw, 432px\" \/><\/figure><div class=\"wp-block-media-text__content\">\n<p><\/p>\n<\/div><\/div>\n\n\n\n<h4 class=\"wp-block-heading\">Preise:<\/h4>\n\n\n\n<p class=\"has-small-font-size\">1 UE = 45 Minuten<\/p>\n\n\n\n<p class=\"has-vivid-cyan-blue-color has-text-color has-small-font-size\"><strong>F\u00fcr Privatpersonen:<\/strong> <\/p>\n\n\n\n<p>Individual Training: 40 Euro per UE<\/p>\n\n\n\n<p>Duo Training: 20 Euro per UE (pro Person)<\/p>\n\n\n\n<p>Kleingruppentraining: 15 Euro per UE (pro Person)<\/p>\n\n\n\n<p class=\"has-vivid-cyan-blue-color has-text-color has-small-font-size\"><strong>F\u00fcr Firmen:<\/strong><\/p>\n\n\n\n<p><strong>Individual Training: 50 Euro per UE&nbsp;&nbsp;&nbsp;<\/strong><\/p>\n\n\n\n<p>Kosten: 1.000 \u20ac<\/p>\n\n\n\n<p>Umfang: 20 Unterrichtseinheiten (10 x 90 Min oder 15 x 60 Min)<\/p>\n\n\n\n<p>Laufzeit: 6 Monate<\/p>\n\n\n\n<p><strong>Duo Training 25 Euro per UE (pro Person)<\/strong><\/p>\n\n\n\n<p>Umfang: 20 Unterrichtseinheiten (10 x 90 Min oder 15 x 60 Min)<\/p>\n\n\n\n<p>Kosten: 500 \u20ac pro Person<\/p>\n\n\n\n<p>Laufzeit: 6 Monate <\/p>\n\n\n\n<p><strong>Kleingruppentraining 12,50 Euro per UE (4 &#8211; 8 Teilnehmende):<\/strong><\/p>\n\n\n\n<p>Umfang: 20 Unterrichtseinheiten (10 x 90 Min oder 15 x 60 Min)<\/p>\n\n\n\n<p>Kosten: 250 \u20ac pro Person<\/p>\n\n\n\n<p>Laufzeit: 6 Monate <\/p>\n\n\n\n<p><strong>&nbsp;&nbsp;&nbsp;<\/strong><\/p>\n\n\n\n<p>&nbsp;&nbsp;&nbsp;&nbsp;&nbsp;&nbsp;&nbsp;&nbsp;&nbsp;&nbsp;&nbsp;&nbsp;&nbsp;&nbsp;&nbsp;&nbsp;&nbsp;<\/p>\n\n\n\n<p><\/p>\n\n\n\n<p class=\"has-small-font-size\"><br><\/p>\n\n\n\n<p><\/p>\n","protected":false},"excerpt":{"rendered":"<p>Mein Angebot richtet sich an: Ausl\u00e4ndische Mitarbeiter von Firmen, die sich fit f\u00fcr den deutschen Arbeitsalltag machen m\u00f6chten. Schwerpunkte: B\u00fcrokommunikation, Gesch\u00e4ftskorrespondenz (E-Mails schreiben), Telefon- und Gespr\u00e4chstraining, Pr\u00e4sentationen halten, Verhandlungen f\u00fchren, Technisches Deutsch, Wirtschaftsdeutsch Auf Wunsch stelle ich Ihnen gerne ein individuelles Trainingsprogramm zusammen. Mein Qualifikationsprofil: Trainings f\u00fcr 19-j\u00e4hrige Berufserfahrung im Bereich Deutsch als Fremdsprache Fort- &hellip; <\/p>\n<p class=\"link-more\"><a href=\"https:\/\/petra-riedmann.de\/?page_id=2\" class=\"more-link\"><span class=\"screen-reader-text\">\u201eDeutsch als Fremdsprache &#8211; Businesssprache Deutsch\u201c<\/span> weiterlesen<\/a><\/p>\n","protected":false},"author":1,"featured_media":207,"parent":0,"menu_order":0,"comment_status":"closed","ping_status":"open","template":"","meta":{"footnotes":""},"class_list":["post-2","page","type-page","status-publish","has-post-thumbnail","hentry"],"_links":{"self":[{"href":"https:\/\/petra-riedmann.de\/index.php?rest_route=\/wp\/v2\/pages\/2"}],"collection":[{"href":"https:\/\/petra-riedmann.de\/index.php?rest_route=\/wp\/v2\/pages"}],"about":[{"href":"https:\/\/petra-riedmann.de\/index.php?rest_route=\/wp\/v2\/types\/page"}],"author":[{"embeddable":true,"href":"https:\/\/petra-riedmann.de\/index.php?rest_route=\/wp\/v2\/users\/1"}],"replies":[{"embeddable":true,"href":"https:\/\/petra-riedmann.de\/index.php?rest_route=%2Fwp%2Fv2%2Fcomments&post=2"}],"version-history":[{"count":33,"href":"https:\/\/petra-riedmann.de\/index.php?rest_route=\/wp\/v2\/pages\/2\/revisions"}],"predecessor-version":[{"id":299,"href":"https:\/\/petra-riedmann.de\/index.php?rest_route=\/wp\/v2\/pages\/2\/revisions\/299"}],"wp:featuredmedia":[{"embeddable":true,"href":"https:\/\/petra-riedmann.de\/index.php?rest_route=\/wp\/v2\/media\/207"}],"wp:attachment":[{"href":"https:\/\/petra-riedmann.de\/index.php?rest_route=%2Fwp%2Fv2%2Fmedia&parent=2"}],"curies":[{"name":"wp","href":"https:\/\/api.w.org\/{rel}","templated":true}]}}