{"id":77,"date":"2019-08-17T15:33:53","date_gmt":"2019-08-17T15:33:53","guid":{"rendered":"http:\/\/petra-riedmann.de\/?page_id=77"},"modified":"2025-04-22T07:59:48","modified_gmt":"2025-04-22T07:59:48","slug":"curriculum","status":"publish","type":"page","link":"https:\/\/petra-riedmann.de\/?page_id=77","title":{"rendered":"Curriculum"},"content":{"rendered":"\n<p class=\"has-text-color has-medium-font-size\" style=\"color:#00a399\"><strong>Mein beruflicher Werdegang<\/strong><\/p>\n\n\n\n<p class=\"has-text-align-right\"><strong>Seit 03\/2025<\/strong><\/p>\n\n\n\n<p>Trainerin f\u00fcr ArCanum M\u00fcnchen <\/p>\n\n\n\n<p class=\"has-text-align-right has-normal-font-size\"><strong>Seit 01\/2022<\/strong><\/p>\n\n\n\n<p class=\"has-normal-font-size\">Autorin im Bereich E-Learning &#8211; Entwicklung von Lehrmaterialien <\/p>\n\n\n\n<p class=\"has-text-align-right has-normal-font-size\"> <strong>02\/2014 \u2013 10\/2018<\/strong><\/p>\n\n\n\n<p class=\"has-text-align-left has-normal-font-size\">Trainings f\u00fcr PentaSoft AG, Unterf\u00f6hring  &#8211; Businesssprache Deutsch \/ Interkulturelle Kommunikation \/ Basis Englisch (A1\/A2)&nbsp;(Branche: Unternehmensberatung IT)<\/p>\n\n\n\n<p class=\"has-text-align-right has-normal-font-size\"><strong>05\/2016 \u2013 05\/2017<\/strong><\/p>\n\n\n\n<p class=\"has-normal-font-size\">Trainings f\u00fcr Rhode &amp; Schwarz AG, M\u00fcnchen &#8211; Businesssprache Deutsch (Branche: Elektronik) <\/p>\n\n\n\n<p class=\"has-text-align-right has-normal-font-size\"><strong>03\/2013 \u2013 12\/2015<\/strong><\/p>\n\n\n\n<p class=\"has-normal-font-size\">Lehrauftrag f\u00fcr \u201eEin\u00fcbung in die K\u00f6rperwahrnehmung \u2013 Tanz und Bewegung\u201c an der Hochschule f\u00fcr Angewandte Wissenschaften M\u00fcnchen (Fakult\u00e4t: Anwandte Sozialwissenschaften)   &nbsp;  <\/p>\n\n\n\n<p class=\"has-text-align-right has-normal-font-size\"><strong>Seit 05\/2012<\/strong><\/p>\n\n\n\n<p class=\"has-text-align-left has-normal-font-size\">Trainings f\u00fcr LTC Language Training Center  bei BMW Group, Siemens AG und Robert Bosch  GmbH M\u00fcnchen f\u00fcr internationale Mitarbeiter  &#8211; Businesssprache Deutsch (Deutsch als Fremdsprache) &#8211; Interkulturelle Kommunikation  (Branchen: Automobil und Elektrotechnik)  &nbsp; <\/p>\n\n\n\n<p class=\"has-text-align-right has-normal-font-size\"><strong> 01\/2012<\/strong><\/p>\n\n\n\n<p class=\"has-normal-font-size\">Seminar \u201eSelbstpr\u00e4sentation und Kommunikation\u201c  &nbsp;  <\/p>\n\n\n\n<p class=\"has-text-align-right has-normal-font-size\"><strong>02\u201305\/2011<\/strong><\/p>\n\n\n\n<p class=\"has-normal-font-size\">Freie Autorin f\u00fcr den Hueber Verlag, M\u00fcnchen  &nbsp;  <\/p>\n\n\n\n<p class=\"has-text-align-right has-normal-font-size\"><strong>11\/2010 \u2013 06\/2019<\/strong><\/p>\n\n\n\n<p class=\"has-text-align-left has-normal-font-size\">Lehrauftrag f\u00fcr \u201cTanztheater als Methode in der Sozialen Arbeit\u201d an der Katholischen Stiftungshochschule M\u00fcnchen (Fakult\u00e4t: Soziale Arbeit)  &nbsp;  <\/p>\n\n\n\n<p class=\"has-text-align-right has-normal-font-size\"><strong>2009-2010<\/strong><\/p>\n\n\n\n<p class=\"has-text-align-left has-normal-font-size\">Konflikte in Kursen erkennen und l\u00f6sen \u2013 Fortbildung f\u00fcr Trainer\/innen beim Goethe-Institut M\u00fcnchen und bei inlingua Sprachschulen M\u00fcnchen  &nbsp; <\/p>\n\n\n\n<p class=\"has-text-align-right has-normal-font-size\"> <strong>2010 \u2013 2013<\/strong><\/p>\n\n\n\n<p class=\"has-text-align-left has-normal-font-size\">Berufliche Coachings f\u00fcr Einzelpersonen  &nbsp;  <\/p>\n\n\n\n<p class=\"has-text-align-right has-normal-font-size\"><strong>Seit 03\/2007<\/strong><\/p>\n\n\n\n<p class=\"has-text-align-left has-normal-font-size\">Selbst\u00e4ndig mit <b>Kommunikation, Beratung, Tanz<\/b> als Trainerin und Dozentin (zgl. B\u00fcroadministration, Steuer- und Finanzmanagement der eigenen Firma)<\/p>\n\n\n\n<p class=\"has-text-align-right has-normal-font-size\">  &nbsp;&nbsp;&nbsp;&nbsp;&nbsp;&nbsp;&nbsp;&nbsp;&nbsp;&nbsp;&nbsp;&nbsp;&nbsp;&nbsp;&nbsp;&nbsp;&nbsp;&nbsp;&nbsp;&nbsp;&nbsp;&nbsp;&nbsp;&nbsp;&nbsp;&nbsp;&nbsp;&nbsp;&nbsp;&nbsp;&nbsp;&nbsp;&nbsp;&nbsp;&nbsp;&nbsp;&nbsp; <strong>  11\/2006 \u2013 09\/2014<\/strong><\/p>\n\n\n\n<p class=\"has-text-align-left has-normal-font-size\">Selbst\u00e4ndige Lehrt\u00e4tigkeit und Mentorin f\u00fcr inlingua Sprachschulen M\u00fcnchen  Berufsbezogenes Deutsch und Bewerbungstraining (Branche: Dienstleistung)<\/p>\n\n\n\n<p class=\"has-text-align-right has-normal-font-size\"><strong> 11\/2005 \u2013 10\/2006<\/strong><\/p>\n\n\n\n<p class=\"has-normal-font-size\">Gesch\u00e4ftsf\u00fchrerin bei der Katholischen  Landjugendbewegung (KLJB) M\u00fcnchen und Freising  (Branche: Kirche) <\/p>\n\n\n\n<p class=\"has-normal-font-size\">Leitung der KLJB-Gesch\u00e4ftsstelle, Gesch\u00e4ftsf\u00fchrung, Vertretung der KLJB auf Landes- und Bundesebene, Fachaufsicht \u00fcber Verwaltungsangestellte<\/p>\n\n\n\n<p class=\"has-text-align-right has-normal-font-size\">  &nbsp;  <strong>01\/2001 \u2013 09\/2005<\/strong><\/p>\n\n\n\n<p class=\"has-text-align-left has-normal-font-size\">Referentin bei der Katholischen Hochschulgemeinde W\u00fcrzburg (Branche: Kirche)<\/p>\n\n\n\n<figure class=\"wp-block-image size-large is-resized\"><img loading=\"lazy\" decoding=\"async\" width=\"780\" height=\"1024\" src=\"https:\/\/petra-riedmann.de\/wp-content\/uploads\/2024\/12\/Mit-Linda-und-Michael-von-der-KHG-780x1024.jpg\" alt=\"\" class=\"wp-image-306\" style=\"width:416px;height:auto\" srcset=\"https:\/\/petra-riedmann.de\/wp-content\/uploads\/2024\/12\/Mit-Linda-und-Michael-von-der-KHG-780x1024.jpg 780w, https:\/\/petra-riedmann.de\/wp-content\/uploads\/2024\/12\/Mit-Linda-und-Michael-von-der-KHG-228x300.jpg 228w, https:\/\/petra-riedmann.de\/wp-content\/uploads\/2024\/12\/Mit-Linda-und-Michael-von-der-KHG-768x1008.jpg 768w, https:\/\/petra-riedmann.de\/wp-content\/uploads\/2024\/12\/Mit-Linda-und-Michael-von-der-KHG-1170x1536.jpg 1170w, https:\/\/petra-riedmann.de\/wp-content\/uploads\/2024\/12\/Mit-Linda-und-Michael-von-der-KHG.jpg 1380w\" sizes=\"(max-width: 767px) 89vw, (max-width: 1000px) 54vw, (max-width: 1071px) 543px, 580px\" \/><\/figure>\n\n\n\n<p class=\"has-normal-font-size\">Mitarbeit in der Leitung und Gesamtkonzeption, \u00d6ffentlichkeits- und Projektarbeit, Begleitung von Arbeitskreisen, Netzwerkarbeit<\/p>\n\n\n\n<p class=\"has-text-align-right has-normal-font-size\"> <strong>06\/2000 &#8211; 08\/2005<\/strong><\/p>\n\n\n\n<p class=\"has-text-align-left has-normal-font-size\">Freiberufliche Lehrt\u00e4tigkeit f\u00fcr O.I.S.E. Sprachschule Heidelberg &#8211; Deutsch als Fremdsprache (Branche: Dienstleistung)<\/p>\n\n\n\n<p class=\"has-text-align-right has-normal-font-size\"> <strong>01\/1999 &#8211; 04\/2000<\/strong><\/p>\n\n\n\n<p class=\"has-text-align-left has-normal-font-size\">Sozialp\u00e4dagogin bei der Gesellschaft zur beruflichen F\u00f6rderung Schweinfurt mbH Beratung und Begleitung von Jugendlichen, Unterrichtst\u00e4tigkeit (Branche: Erziehung und Unterricht) <\/p>\n\n\n\n<p class=\"has-text-align-right has-normal-font-size\"><strong>09\/1990 &#8211; 08\/1991<\/strong><\/p>\n\n\n\n<p class=\"has-normal-font-size\">Verwaltungsfachangestellte bei der Telekom W\u00fcrzburg (Branche: \u00d6ffentliche Verwaltung)<\/p>\n\n\n\n<p><\/p>\n\n\n\n<p class=\"has-text-color has-large-font-size\" style=\"color:#00a3a3\"><img loading=\"lazy\" decoding=\"async\" width=\"500\" height=\"333\" class=\"wp-image-229\" style=\"width: 500px;\" src=\"http:\/\/petra-riedmann.de\/wp-content\/uploads\/2021\/01\/Marktplatz-mit-Falkenhaus-und-Marienkapelle-scaled.jpg\" alt=\"\" srcset=\"https:\/\/petra-riedmann.de\/wp-content\/uploads\/2021\/01\/Marktplatz-mit-Falkenhaus-und-Marienkapelle-scaled.jpg 2560w, https:\/\/petra-riedmann.de\/wp-content\/uploads\/2021\/01\/Marktplatz-mit-Falkenhaus-und-Marienkapelle-300x200.jpg 300w, https:\/\/petra-riedmann.de\/wp-content\/uploads\/2021\/01\/Marktplatz-mit-Falkenhaus-und-Marienkapelle-1024x681.jpg 1024w, https:\/\/petra-riedmann.de\/wp-content\/uploads\/2021\/01\/Marktplatz-mit-Falkenhaus-und-Marienkapelle-768x511.jpg 768w, https:\/\/petra-riedmann.de\/wp-content\/uploads\/2021\/01\/Marktplatz-mit-Falkenhaus-und-Marienkapelle-1536x1022.jpg 1536w, https:\/\/petra-riedmann.de\/wp-content\/uploads\/2021\/01\/Marktplatz-mit-Falkenhaus-und-Marienkapelle-2048x1362.jpg 2048w\" sizes=\"(max-width: 500px) 100vw, 500px\" \/><\/p>\n\n\n\n<p class=\"has-text-color has-medium-font-size\" style=\"color:#00a3a3\"><strong>Studium<\/strong><\/p>\n\n\n\n<p class=\"has-text-align-right has-normal-font-size\"><strong>2002<\/strong><\/p>\n\n\n\n<p class=\"has-text-align-left has-normal-font-size\">Julius-Maximilians-Universit\u00e4t W\u00fcrzburg: &#8211; Vergleichende Religionswissenschaften und Philosophie (Gaststudium)  <\/p>\n\n\n\n<p class=\"has-text-align-right has-normal-font-size\"><strong>10\/1993 &#8211; 03\/1998<\/strong><\/p>\n\n\n\n<p class=\"has-text-align-left has-normal-font-size\">Fachhochschule W\u00fcrzburg &#8211; Sozialwesen (Studienschwerpunkt: Soziales Management  Diplomarbeit: Erwachsenenbildung und \u00d6kologie &#8211; Abschluss:  Diplom-Sozialp\u00e4dagogin  &nbsp;  <\/p>\n\n\n\n<p class=\"has-text-color has-medium-font-size\" style=\"color:#00a3a3\"><strong>Schul- und Berufsausbildung<\/strong><\/p>\n\n\n\n<p class=\"has-text-align-right has-normal-font-size\"> <strong> 1992 &#8211; 2005<\/strong><\/p>\n\n\n\n<p class=\"has-text-align-left has-normal-font-size\">Ausbildung im modernen zeitgen\u00f6ssischen Tanz und Klassischem Ballett   <\/p>\n\n\n\n<p class=\"has-text-align-right has-normal-font-size\"><strong>1987 &#8211; 1990<\/strong><\/p>\n\n\n\n<p class=\"has-text-align-left has-normal-font-size\">Ausbildung zur Fernmeldeassistentin  (Verwaltungsfachangestellte), Fernmeldeamt W\u00fcrzburg  <\/p>\n\n\n\n<p class=\"has-text-align-right has-normal-font-size\"><strong>1991 &#8211; 1993<\/strong><\/p>\n\n\n\n<p class=\"has-text-align-left has-normal-font-size\">Fachhochschulreife \/ Fachoberschule Marktheidenfeld  <\/p>\n\n\n\n<p class=\"has-text-align-right has-normal-font-size\"><strong>1983 &#8211; 1987<\/strong><\/p>\n\n\n\n<p class=\"has-text-align-left has-normal-font-size\"> Mittlere Reife \/ Realschule Karlstadt  &nbsp;  <\/p>\n\n\n\n<p class=\"has-text-color has-medium-font-size\" style=\"color:#00a3a3\"><strong>Fort- und Weiterbildung<\/strong><\/p>\n\n\n\n<p class=\"has-normal-font-size\"> 2005 &#8211; 2006  Fortbildung zur Tanzp\u00e4dagogin &#8211; off Theater nrw &#8211;   <\/p>\n\n\n\n<figure class=\"wp-block-image size-large is-resized\"><img loading=\"lazy\" decoding=\"async\" width=\"1024\" height=\"768\" src=\"https:\/\/petra-riedmann.de\/wp-content\/uploads\/2024\/12\/141_4134-1024x768.jpg\" alt=\"\" class=\"wp-image-308\" style=\"width:409px;height:auto\" srcset=\"https:\/\/petra-riedmann.de\/wp-content\/uploads\/2024\/12\/141_4134-1024x768.jpg 1024w, https:\/\/petra-riedmann.de\/wp-content\/uploads\/2024\/12\/141_4134-300x225.jpg 300w, https:\/\/petra-riedmann.de\/wp-content\/uploads\/2024\/12\/141_4134-768x576.jpg 768w, https:\/\/petra-riedmann.de\/wp-content\/uploads\/2024\/12\/141_4134-1536x1152.jpg 1536w, https:\/\/petra-riedmann.de\/wp-content\/uploads\/2024\/12\/141_4134-2048x1536.jpg 2048w\" sizes=\"(max-width: 767px) 89vw, (max-width: 1000px) 54vw, (max-width: 1071px) 543px, 580px\" \/><\/figure>\n\n\n\n<p class=\"has-normal-font-size\">2006  Outlook XP (2002) komplett  &#8211; AS Computerschulungen M\u00fcnchen &#8211;  <\/p>\n\n\n\n<p class=\"has-normal-font-size\">2003  Erfolgreich kommunizieren \u2013 Kundenmanagement und Gespr\u00e4chsf\u00fchrung, Industrie- und Handelskammer (IHK) W\u00fcrzburg &#8211;  <\/p>\n\n\n\n<p class=\"has-normal-font-size\">1998  Kommunikative Kompetenz und Pr\u00e4sentainment,  Rhetorik-Kompakt-Seminar &#8211; Akademie Frankenwarte W\u00fcrzburg  &nbsp;  <\/p>\n\n\n\n<p class=\"has-text-color has-medium-font-size\" style=\"color:#00a3a3\"><strong>Auslandsaufenthalt<\/strong>  <\/p>\n\n\n\n<p class=\"has-text-align-left\">09\/2011 Auf den Spuren von Niki de Saint Phalle, Toskana, Italien, Reiseleitung f\u00fcr Frauenstudien e. V. <\/p>\n\n\n\n<p class=\"has-normal-font-size\">12\/2009  Filmfestival Marrakesch\/Marokko (Pressebegleitung)   <\/p>\n\n\n\n<p class=\"has-normal-font-size\">06\/1998 &#8211; 09\/1998  Sprachaufenthalt in Italien (Sprachkurs) <\/p>\n\n\n\n<p class=\"has-normal-font-size\"> 09\/1996  Arbeitsaufenthalt in Sizilien (Working on organic farms) <\/p>\n\n\n\n<p class=\"has-normal-font-size\"> 09\/1994  Delegierte der BUND-Jugend in der Ukraine  &nbsp;&nbsp;&nbsp;&nbsp;&nbsp;&nbsp;&nbsp;&nbsp;&nbsp;&nbsp;&nbsp;&nbsp;&nbsp;&nbsp;&nbsp;&nbsp;&nbsp;&nbsp;&nbsp;&nbsp;&nbsp;&nbsp;&nbsp;&nbsp;&nbsp;&nbsp;&nbsp;&nbsp;&nbsp;&nbsp;&nbsp;&nbsp;&nbsp;&nbsp;&nbsp;&nbsp;&nbsp;  <\/p>\n\n\n\n<p class=\"has-text-color has-medium-font-size\" style=\"color:#00a3a3\"><strong>Ehrenamtliches Engagement<\/strong><\/p>\n\n\n\n<p class=\"has-normal-font-size\">2007 &#8211; 2014  Frauenstudien M\u00fcnchen e.V.  (Seminarleitung) <\/p>\n\n\n\n<p class=\"has-normal-font-size\">2000 \u2013 2001  Infomarkt Eine Welt W\u00fcrzburg  <\/p>\n\n\n\n<p class=\"has-normal-font-size\"> 1997 &#8211; 1998  Seminarleiterin f\u00fcr politische Bildung, Akademie Frankenwarte W\u00fcrzburg  <\/p>\n\n\n\n<p class=\"has-normal-font-size\">1994 \u2013 1996  Freie Alten- und Krankenhilfe e.V. W\u00fcrzburg <\/p>\n\n\n\n<p class=\"has-normal-font-size\"> 1994 &#8211; 1995  Arbeitskreis &#8222;Osteuropa&#8220; der BUND-Jugend<\/p>\n\n\n\n<p class=\"has-normal-font-size\">1993 &#8211; 1995  Chefredakteurin der Jugendzeitschrift &#8222;IGEL&#8220;  <\/p>\n\n\n\n<p class=\"has-normal-font-size\">1992 &#8211; 1994  Bezirksjugendleiterin bei der Jugendorganisation Bund Naturschutz in Bayern e.V.  <\/p>\n\n\n\n<p class=\"has-normal-font-size\">1991 &#8211; 1993  Freie Mitarbeit bei der Tageszeitung &#8222;Main-Post&#8220; und \u201eMonatsrundschau\u201c, Karlstadt  <strong>&nbsp;<\/strong> <\/p>\n\n\n\n<p class=\"has-text-color has-medium-font-size\" style=\"color:#00a3a3\"><strong>Pers\u00f6nliche F\u00e4higkeiten und Kompetenzen<\/strong><\/p>\n\n\n\n<p class=\"has-normal-font-size\">Fremdsprachen: Englisch (flie\u00dfend), Italienisch (konversationssicher), Spanisch, Franz\u00f6sisch (Grundkenntnisse)&nbsp;&nbsp;&nbsp;&nbsp;&nbsp;&nbsp;&nbsp;&nbsp;&nbsp;&nbsp;&nbsp;&nbsp;&nbsp;&nbsp;&nbsp;&nbsp;&nbsp;&nbsp;&nbsp;&nbsp;&nbsp; &nbsp;&nbsp;&nbsp;&nbsp;&nbsp;&nbsp;&nbsp;&nbsp;<\/p>\n\n\n\n<p class=\"has-normal-font-size\"> EDV-Kenntnisse:  Windows 7\/10 Englisch, MS Office: Word, Excel, Outlook  Italienisch <\/p>\n\n\n\n<p class=\"has-normal-font-size\">Sonstiges:  B\u00fcroadministration, Steuer- und Finanzmanagement<\/p>\n\n\n\n<p class=\"has-normal-font-size\">Soft Skills:  Eigeninitiative, Empathie, Organisationstalent, Zuverl\u00e4ssigkeit, Kommunikationsf\u00e4higkeit, Verantwortungsbewusstsein, Kreativit\u00e4t  <strong>&nbsp;<\/strong> <\/p>\n\n\n\n<p class=\"has-text-color has-medium-font-size\" style=\"color:#00a3a3\"><strong>Interessen und Hobbys<\/strong>  <\/p>\n\n\n\n<p class=\"has-normal-font-size\">Film, Geschichte, Tanz, Literatur, Reisen, Psychologie und Soziologie <\/p>\n\n\n\n<p><strong> <\/strong><\/p>\n","protected":false},"excerpt":{"rendered":"<p>Mein beruflicher Werdegang Seit 03\/2025 Trainerin f\u00fcr ArCanum M\u00fcnchen Seit 01\/2022 Autorin im Bereich E-Learning &#8211; Entwicklung von Lehrmaterialien 02\/2014 \u2013 10\/2018 Trainings f\u00fcr PentaSoft AG, Unterf\u00f6hring &#8211; Businesssprache Deutsch \/ Interkulturelle Kommunikation \/ Basis Englisch (A1\/A2)&nbsp;(Branche: Unternehmensberatung IT) 05\/2016 \u2013 05\/2017 Trainings f\u00fcr Rhode &amp; Schwarz AG, M\u00fcnchen &#8211; Businesssprache Deutsch (Branche: Elektronik) 03\/2013 &hellip; <\/p>\n<p class=\"link-more\"><a href=\"https:\/\/petra-riedmann.de\/?page_id=77\" class=\"more-link\"><span class=\"screen-reader-text\">\u201eCurriculum\u201c<\/span> weiterlesen<\/a><\/p>\n","protected":false},"author":1,"featured_media":226,"parent":0,"menu_order":0,"comment_status":"closed","ping_status":"closed","template":"","meta":{"footnotes":""},"class_list":["post-77","page","type-page","status-publish","has-post-thumbnail","hentry"],"_links":{"self":[{"href":"https:\/\/petra-riedmann.de\/index.php?rest_route=\/wp\/v2\/pages\/77"}],"collection":[{"href":"https:\/\/petra-riedmann.de\/index.php?rest_route=\/wp\/v2\/pages"}],"about":[{"href":"https:\/\/petra-riedmann.de\/index.php?rest_route=\/wp\/v2\/types\/page"}],"author":[{"embeddable":true,"href":"https:\/\/petra-riedmann.de\/index.php?rest_route=\/wp\/v2\/users\/1"}],"replies":[{"embeddable":true,"href":"https:\/\/petra-riedmann.de\/index.php?rest_route=%2Fwp%2Fv2%2Fcomments&post=77"}],"version-history":[{"count":64,"href":"https:\/\/petra-riedmann.de\/index.php?rest_route=\/wp\/v2\/pages\/77\/revisions"}],"predecessor-version":[{"id":313,"href":"https:\/\/petra-riedmann.de\/index.php?rest_route=\/wp\/v2\/pages\/77\/revisions\/313"}],"wp:featuredmedia":[{"embeddable":true,"href":"https:\/\/petra-riedmann.de\/index.php?rest_route=\/wp\/v2\/media\/226"}],"wp:attachment":[{"href":"https:\/\/petra-riedmann.de\/index.php?rest_route=%2Fwp%2Fv2%2Fmedia&parent=77"}],"curies":[{"name":"wp","href":"https:\/\/api.w.org\/{rel}","templated":true}]}}